{"id":626,"date":"2025-02-01T08:29:35","date_gmt":"2025-02-01T07:29:35","guid":{"rendered":"https:\/\/smartmedical.online\/produkty-smart\/"},"modified":"2026-03-26T11:04:35","modified_gmt":"2026-03-26T10:04:35","slug":"produkty-smart","status":"publish","type":"page","link":"https:\/\/smartmedical.online\/cs\/produkty-smart\/","title":{"rendered":"Produkty"},"content":{"rendered":"<div class=\"wpb-content-wrapper\"><p>[vc_row type=&#8220;vc_default&#8220; css_animation=&#8220;fadeInUp&#8220;][vc_column][vc_row_inner][vc_column_inner width=&#8220;1\/3&#8243;]\n<div tabindex=\"0\" id=\"interactive-banner-1-wrap-9735\" class=\"ult-banner-block ult-adjust-bottom-margin ult-bb-box  banner-style01 \"   style=\"\">\n\t<img decoding=\"async\" src=\"https:\/\/smartmedical.online\/wp-content\/uploads\/2025\/07\/moderni-hojeni-ran-1.webp\" alt=\"null\">\n\t<h3  data-ultimate-target='#interactive-banner-1-wrap-9735 .bb-top-title '  data-responsive-json-new='{\"font-size\":\"\",\"line-height\":\"\"}'  class=\"title-center bb-top-title ult-responsive\" style=\"font-weight:normal;background:#242424;color:#ffffff;\">Modern\u00ed hojen\u00ed ran<\/h3>\n\t<div class=\"mask opaque-background\" style=\"background:#2424249C;\">\n\t\t<div  data-ultimate-target='#interactive-banner-1-wrap-9735 .bb-description'  data-responsive-json-new='{\"font-size\":\"\",\"line-height\":\"\"}'  class=\"bb-description ult-responsive\" style=\"font-weight:normal;color:#ffffff;\">Speci\u00e1ln\u00ed kryt\u00ed ran p\u0159edstavuj\u00ed modern\u00ed \u0159e\u0161en\u00ed pou\u017e\u00edvan\u00e1 p\u0159i l\u00e9\u010db\u011b r\u016fzn\u00fdch typ\u016f ran, kter\u00e9 p\u0159ekra\u010duj\u00ed mo\u017enosti tradi\u010dn\u00edch g\u00e1zov\u00fdch obvaz\u016f.<\/div>\n\t<\/div><a class=\"bb-link\" href=\"https:\/\/catalog.smartmedical.online\/moderni-hojeni-ran\" title=\"P\u0159ej\u00edt do katalogu\" target=\"_blank\" rel=\"noopener\" ><\/a>\n<\/div>[\/vc_column_inner][vc_column_inner width=&#8220;1\/3&#8243;]\n<div tabindex=\"0\" id=\"interactive-banner-1-wrap-3505\" class=\"ult-banner-block ult-adjust-bottom-margin ult-bb-box  banner-style01 \"   style=\"\">\n\t<img decoding=\"async\" src=\"https:\/\/smartmedical.online\/wp-content\/uploads\/2025\/07\/tradycni-hojeni-ran-1.webp\" alt=\"null\">\n\t<h3  data-ultimate-target='#interactive-banner-1-wrap-3505 .bb-top-title '  data-responsive-json-new='{\"font-size\":\"\",\"line-height\":\"\"}'  class=\"title-center bb-top-title ult-responsive\" style=\"font-weight:normal;background:#242424;color:#ffffff;\">Tradi\u010dn\u00ed hojen\u00ed ran<\/h3>\n\t<div class=\"mask opaque-background\" style=\"background:#2424249C;\">\n\t\t<div  data-ultimate-target='#interactive-banner-1-wrap-3505 .bb-description'  data-responsive-json-new='{\"font-size\":\"\",\"line-height\":\"\"}'  class=\"bb-description ult-responsive\" style=\"font-weight:normal;color:#ffffff;\">Tradi\u010dn\u00ed obvazy p\u0159edstavuj\u00ed z\u00e1kladn\u00ed sou\u010d\u00e1st vybaven\u00ed zdravotnick\u00fdch za\u0159\u00edzen\u00ed a jsou \u0161iroce pou\u017e\u00edv\u00e1ny p\u0159i o\u0161et\u0159ov\u00e1n\u00ed ran i b\u011bhem chirurgick\u00fdch z\u00e1krok\u016f.<\/div>\n\t<\/div><a class=\"bb-link\" href=\"https:\/\/catalog.smartmedical.online\/tradicni-hojeni-ran\" title=\"P\u0159ej\u00edt do katalogu\" target=\"_blank\" rel=\"noopener\" ><\/a>\n<\/div>[\/vc_column_inner][vc_column_inner width=&#8220;1\/3&#8243;]\n<div tabindex=\"0\" id=\"interactive-banner-1-wrap-6226\" class=\"ult-banner-block ult-adjust-bottom-margin ult-bb-box  banner-style01 \"   style=\"\">\n\t<img decoding=\"async\" src=\"https:\/\/smartmedical.online\/wp-content\/uploads\/2025\/07\/reseni-pro-operacni-saly-1.webp\" alt=\"null\">\n\t<h3  data-ultimate-target='#interactive-banner-1-wrap-6226 .bb-top-title '  data-responsive-json-new='{\"font-size\":\"\",\"line-height\":\"\"}'  class=\"title-center bb-top-title ult-responsive\" style=\"font-weight:normal;background:#242424;color:#ffffff;\">\u0158e\u0161en\u00ed pro opera\u010dn\u00ed s\u00e1ly<\/h3>\n\t<div class=\"mask opaque-background\" style=\"background:#2424249C;\">\n\t\t<div  data-ultimate-target='#interactive-banner-1-wrap-6226 .bb-description'  data-responsive-json-new='{\"font-size\":\"\",\"line-height\":\"\"}'  class=\"bb-description ult-responsive\" style=\"font-weight:normal;color:#ffffff;\">Produkty ur\u010den\u00e9 pro opera\u010dn\u00ed s\u00e1l hraj\u00ed kl\u00ed\u010dovou roli p\u0159i zaji\u0161t\u011bn\u00ed bezpe\u010dnosti pacienta i zdravotnick\u00e9ho person\u00e1lu b\u011bhem chirurgick\u00fdch z\u00e1krok\u016f.<\/div>\n\t<\/div><a class=\"bb-link\" href=\"https:\/\/catalog.smartmedical.online\/Reseni-pro-operacni-saly\" title=\"P\u0159ej\u00edt do katalogu\" target=\"_blank\" rel=\"noopener\" ><\/a>\n<\/div>[\/vc_column_inner][\/vc_row_inner][vc_row_inner][vc_column_inner width=&#8220;1\/3&#8243;]\n<div tabindex=\"0\" id=\"interactive-banner-1-wrap-6350\" class=\"ult-banner-block ult-adjust-bottom-margin ult-bb-box  banner-style01 \"   style=\"\">\n\t<img decoding=\"async\" src=\"https:\/\/smartmedical.online\/wp-content\/uploads\/2025\/10\/jednorazove-chirurgicke-nastroje.jpg\" alt=\"null\">\n\t<h3  data-ultimate-target='#interactive-banner-1-wrap-6350 .bb-top-title '  data-responsive-json-new='{\"font-size\":\"\",\"line-height\":\"\"}'  class=\"title-center bb-top-title ult-responsive\" style=\"font-weight:normal;background:#242424;color:#ffffff;\">Jednor\u00e1zov\u00e9 chirurgick\u00e9 n\u00e1stroje<\/h3>\n\t<div class=\"mask opaque-background\" style=\"background:#2424249C;\">\n\t\t<div  data-ultimate-target='#interactive-banner-1-wrap-6350 .bb-description'  data-responsive-json-new='{\"font-size\":\"\",\"line-height\":\"\"}'  class=\"bb-description ult-responsive\" style=\"font-weight:normal;color:#ffffff;\"><\/div>\n\t<\/div><a class=\"bb-link\" href=\"https:\/\/catalog.smartmedical.online\/jednorazove-chirurgicke-nastroje\" title=\"P\u0159ej\u00edt do katalogu\" target=\"_blank\" rel=\"noopener\" ><\/a>\n<\/div>[\/vc_column_inner][vc_column_inner width=&#8220;1\/3&#8243;]\n<div tabindex=\"0\" id=\"interactive-banner-1-wrap-5882\" class=\"ult-banner-block ult-adjust-bottom-margin ult-bb-box  banner-style01 \"   style=\"\">\n\t<img decoding=\"async\" src=\"https:\/\/smartmedical.online\/wp-content\/uploads\/2026\/03\/smart-endo-cz.webp\" alt=\"null\">\n\t<h3  data-ultimate-target='#interactive-banner-1-wrap-5882 .bb-top-title '  data-responsive-json-new='{\"font-size\":\"\",\"line-height\":\"\"}'  class=\"title-center bb-top-title ult-responsive\" style=\"font-weight:normal;background:#242424;color:#ffffff;\">Jednor\u00e1zov\u00e9 endoskopick\u00e9 n\u00e1stroje<\/h3>\n\t<div class=\"mask opaque-background\" style=\"background:#2424249C;\">\n\t\t<div  data-ultimate-target='#interactive-banner-1-wrap-5882 .bb-description'  data-responsive-json-new='{\"font-size\":\"\",\"line-height\":\"\"}'  class=\"bb-description ult-responsive\" style=\"font-weight:normal;color:#ffffff;\">Vysoce kvalitn\u00ed jednor\u00e1zov\u00e9 n\u00e1stroje pro endoskopii, navr\u017een\u00e9 s ohledem na maxim\u00e1ln\u00ed bezpecnost pacienta a pracovn\u00ed komfort l\u00e9kare.<\/div>\n\t<\/div><a class=\"bb-link\" href=\"https:\/\/catalog.smartmedical.online\/jednorazove-endoskopicke-nastroje\" title=\"P\u0159ej\u00edt do katalogu\" target=\"_blank\" rel=\"noopener\" ><\/a>\n<\/div>[\/vc_column_inner][vc_column_inner width=&#8220;1\/3&#8243;]\n<div tabindex=\"0\" id=\"interactive-banner-1-wrap-4354\" class=\"ult-banner-block ult-adjust-bottom-margin ult-bb-box  banner-style01 \"   style=\"\">\n\t<img decoding=\"async\" src=\"https:\/\/smartmedical.online\/wp-content\/uploads\/2025\/07\/profesjonalni-jednorazove-rukavice-1.webp\" alt=\"null\">\n\t<h3  data-ultimate-target='#interactive-banner-1-wrap-4354 .bb-top-title '  data-responsive-json-new='{\"font-size\":\"\",\"line-height\":\"\"}'  class=\"title-center bb-top-title ult-responsive\" style=\"font-weight:normal;background:#242424;color:#ffffff;\">Profesion\u00e1ln\u00ed jednor\u00e1zov\u00e9 rukavice<\/h3>\n\t<div class=\"mask opaque-background\" style=\"background:#2424249C;\">\n\t\t<div  data-ultimate-target='#interactive-banner-1-wrap-4354 .bb-description'  data-responsive-json-new='{\"font-size\":\"\",\"line-height\":\"\"}'  class=\"bb-description ult-responsive\" style=\"font-weight:normal;color:#ffffff;\">Analityck\u00e9 rukavice jsou z\u00e1kladn\u00edm vybaven\u00edm laborato\u0159\u00ed a zdravotnick\u00fdch za\u0159\u00edzen\u00ed, zaji\u0161\u0165uj\u00edc\u00ed \u00fa\u010dinnou ochranu rukou p\u0159ed chemik\u00e1liemi, mikroorganismy a kontaminanty.<\/div>\n\t<\/div><a class=\"bb-link\" href=\"https:\/\/catalog.smartmedical.online\/profesionalni-jednorazove-rukavice\" title=\"P\u0159ej\u00edt do katalogu\" target=\"_blank\" rel=\"noopener\" ><\/a>\n<\/div>[\/vc_column_inner][\/vc_row_inner][vc_row_inner][vc_column_inner width=&#8220;1\/3&#8243;]\n<div tabindex=\"0\" id=\"interactive-banner-1-wrap-9472\" class=\"ult-banner-block ult-adjust-bottom-margin ult-bb-box  banner-style01 \"   style=\"\">\n\t<img decoding=\"async\" src=\"https:\/\/smartmedical.online\/wp-content\/uploads\/2026\/03\/hydrofilni-mocove-katetry-CZ-cover.webp\" alt=\"null\">\n\t<h3  data-ultimate-target='#interactive-banner-1-wrap-9472 .bb-top-title '  data-responsive-json-new='{\"font-size\":\"\",\"line-height\":\"\"}'  class=\"title-center bb-top-title ult-responsive\" style=\"font-weight:normal;background:#242424;color:#ffffff;\">Hydrofiln\u00ed mo\u010dov\u00e9 katetry<\/h3>\n\t<div class=\"mask opaque-background\" style=\"background:#2424249C;\">\n\t\t<div  data-ultimate-target='#interactive-banner-1-wrap-9472 .bb-description'  data-responsive-json-new='{\"font-size\":\"\",\"line-height\":\"\"}'  class=\"bb-description ult-responsive\" style=\"font-weight:normal;color:#ffffff;\"><\/div>\n\t<\/div><a class=\"bb-link\" href=\"https:\/\/catalog.smartmedical.online\/hydrofilni-mocove-katetry\" title=\"P\u0159ej\u00edt do katalogu\" target=\"_blank\" rel=\"noopener\" ><\/a>\n<\/div>[\/vc_column_inner][vc_column_inner width=&#8220;1\/3&#8243;][\/vc_column_inner][vc_column_inner width=&#8220;1\/3&#8243;][\/vc_column_inner][\/vc_row_inner][\/vc_column][\/vc_row]<\/p>\n<\/div>","protected":false},"excerpt":{"rendered":"<p>[vc_row type=&#8220;vc_default&#8220; css_animation=&#8220;fadeInUp&#8220;][vc_column][vc_row_inner][vc_column_inner width=&#8220;1\/3&#8243;][\/vc_column_inner][vc_column_inner width=&#8220;1\/3&#8243;][\/vc_column_inner][vc_column_inner width=&#8220;1\/3&#8243;][\/vc_column_inner][\/vc_row_inner][vc_row_inner][vc_column_inner width=&#8220;1\/3&#8243;][\/vc_column_inner][vc_column_inner width=&#8220;1\/3&#8243;][\/vc_column_inner][vc_column_inner width=&#8220;1\/3&#8243;][\/vc_column_inner][\/vc_row_inner][vc_row_inner][vc_column_inner width=&#8220;1\/3&#8243;][\/vc_column_inner][vc_column_inner width=&#8220;1\/3&#8243;][\/vc_column_inner][vc_column_inner width=&#8220;1\/3&#8243;][\/vc_column_inner][\/vc_row_inner][\/vc_column][\/vc_row]<\/p>\n","protected":false},"author":1,"featured_media":0,"parent":0,"menu_order":3,"comment_status":"closed","ping_status":"closed","template":"","meta":{"footnotes":""},"class_list":["post-626","page","type-page","status-publish","hentry","description-off"],"_links":{"self":[{"href":"https:\/\/smartmedical.online\/cs\/wp-json\/wp\/v2\/pages\/626","targetHints":{"allow":["GET"]}}],"collection":[{"href":"https:\/\/smartmedical.online\/cs\/wp-json\/wp\/v2\/pages"}],"about":[{"href":"https:\/\/smartmedical.online\/cs\/wp-json\/wp\/v2\/types\/page"}],"author":[{"embeddable":true,"href":"https:\/\/smartmedical.online\/cs\/wp-json\/wp\/v2\/users\/1"}],"replies":[{"embeddable":true,"href":"https:\/\/smartmedical.online\/cs\/wp-json\/wp\/v2\/comments?post=626"}],"version-history":[{"count":38,"href":"https:\/\/smartmedical.online\/cs\/wp-json\/wp\/v2\/pages\/626\/revisions"}],"predecessor-version":[{"id":958,"href":"https:\/\/smartmedical.online\/cs\/wp-json\/wp\/v2\/pages\/626\/revisions\/958"}],"wp:attachment":[{"href":"https:\/\/smartmedical.online\/cs\/wp-json\/wp\/v2\/media?parent=626"}],"curies":[{"name":"wp","href":"https:\/\/api.w.org\/{rel}","templated":true}]}}