{"id":794,"date":"2025-02-01T08:13:26","date_gmt":"2025-02-01T07:13:26","guid":{"rendered":"https:\/\/smartmedical.online\/muj-ucet\/"},"modified":"2025-11-24T08:32:51","modified_gmt":"2025-11-24T07:32:51","slug":"muj-ucet","status":"publish","type":"page","link":"https:\/\/smartmedical.online\/cs\/muj-ucet\/","title":{"rendered":"M\u016fj \u00fa\u010det"},"content":{"rendered":"<p>[woocommerce_my_account]<\/p>\n","protected":false},"excerpt":{"rendered":"<p>[woocommerce_my_account]<\/p>\n","protected":false},"author":1,"featured_media":0,"parent":0,"menu_order":35,"comment_status":"closed","ping_status":"closed","template":"","meta":{"footnotes":""},"class_list":["post-794","page","type-page","status-publish","hentry","description-off"],"_links":{"self":[{"href":"https:\/\/smartmedical.online\/cs\/wp-json\/wp\/v2\/pages\/794","targetHints":{"allow":["GET"]}}],"collection":[{"href":"https:\/\/smartmedical.online\/cs\/wp-json\/wp\/v2\/pages"}],"about":[{"href":"https:\/\/smartmedical.online\/cs\/wp-json\/wp\/v2\/types\/page"}],"author":[{"embeddable":true,"href":"https:\/\/smartmedical.online\/cs\/wp-json\/wp\/v2\/users\/1"}],"replies":[{"embeddable":true,"href":"https:\/\/smartmedical.online\/cs\/wp-json\/wp\/v2\/comments?post=794"}],"version-history":[{"count":0,"href":"https:\/\/smartmedical.online\/cs\/wp-json\/wp\/v2\/pages\/794\/revisions"}],"wp:attachment":[{"href":"https:\/\/smartmedical.online\/cs\/wp-json\/wp\/v2\/media?parent=794"}],"curies":[{"name":"wp","href":"https:\/\/api.w.org\/{rel}","templated":true}]}}