{"id":3,"date":"2025-11-25T12:39:47","date_gmt":"2025-11-25T11:39:47","guid":{"rendered":"https:\/\/smartmedical.online\/?page_id=3"},"modified":"2025-11-25T12:19:23","modified_gmt":"2025-11-25T11:19:23","slug":"polityka-prywatnosci","status":"publish","type":"page","link":"https:\/\/smartmedical.online\/pl\/polityka-prywatnosci\/","title":{"rendered":"Polityka prywatno\u015bci"},"content":{"rendered":"<div class=\"wpb-content-wrapper\"><p>[vc_row][vc_column][vc_column_text css=&#8221;&#8221;]<strong>Zgodnie z art. 13 ust. 1\u22122 rozporz\u0105dzenia Parlamentu Europejskiego i Rady (UE) 2016\/679 z 27.04.2016 r. w sprawie ochrony os\u00f3b fizycznych w zwi\u0105zku z przetwarzaniem danych osobowych i w sprawie swobodnego przep\u0142ywu takich danych oraz uchylenia dyrektywy 95\/46\/WE (og\u00f3lne rozporz\u0105dzenie o ochronie danych) (Dz.Urz. UE L 119, s. 1) \u2013 dalej RODO \u2212 informujemy, \u017ce: <\/strong><\/p>\n<p><strong>I. Administrator danych: <\/strong><\/p>\n<p>1. Administratorem danych osobowych jest SMART Medical Solutions Sp\u00f3\u0142ka z ograniczon\u0105 odpowiedzialno\u015bci\u0105 z siedzib\u0105 w Katowicach 40-599 ul. \u017beliwna 38, zarejestrowana w S\u0105dzie Rejonowym w Katowicach, VIII Wydzia\u0142 Gospodarczy Krajowego Rejestru S\u0105dowego, Numer KRS: 0001055194, NIP: 634-30-27-875, REGON: 526271536<\/p>\n<p><strong>II. Inspektor danych osobowych: <\/strong><\/p>\n<p>1. Administrator wyznaczy\u0142 zesp\u00f3\u0142 ds. ochrony danych osobowych, z kt\u00f3rym u\u017cytkownik serwisu mo\u017ce si\u0119 kontaktowa\u0107 w sprawach przetwarzania swoich danych osobowych za po\u015brednictwem poczty elektronicznej: bok@smartmedical.online;<\/p>\n<p><strong>III. Cele i podstawy przetwarzania:<\/strong> Okre\u015blono cele przetwarzania Twoich danych. Jako administrator b\u0119dziemy przetwarza\u0107 Twoje dane:<\/p>\n<p>1. w celu zawarcia umowy na podstawie Twojego zainteresowania nasz\u0105 ofert\u0105 (podstawa z art. 6 ust. 1 lit. b RODO);<\/p>\n<p>2. w celu wykonania i na podstawie zawartej umowy, (podstawa z art. 6 ust. 1 lit. b RODO);<\/p>\n<p>3. w celach archiwalnych (dowodowych) b\u0119d\u0105cych realizacj\u0105 naszego prawnie uzasadnionego interesu zabezpieczenia informacji na wypadek prawnej potrzeby wykazania fakt\u00f3w (art. 6 ust. 1 lit. f RODO);<\/p>\n<p>4. w celu ewentualnego ustalenia, dochodzenia lub obrony przed roszczeniami b\u0119d\u0105cego realizacj\u0105 naszego prawnie uzasadnionego w tym interesu (podstawa z art. 6 ust. 1 lit. f RODO);<\/p>\n<p>5. w celu wystawienia i przekazania faktur, prowadzenia ksi\u0105g rachunkowych i dokumentacji podatkowej, realizuj\u0105c obowi\u0105zki prawne ci\u0105\u017c\u0105ce na Administratorze (art. 6 ust 1 lit. c RODO);<\/p>\n<p>6. w celu marketingu bezpo\u015bredniego (w tym przesy\u0142ania newslettera), je\u017celi wyrazili Pa\u0144stwo na to zgod\u0119. (podstawa z art. 6 ust. 1 lit. a RODO);<\/p>\n<p><strong>IV. Prawo do sprzeciwu: <\/strong><\/p>\n<p>1. W ka\u017cdej chwili u\u017cytkownikowi przys\u0142uguje prawo do wniesienia sprzeciwu wobec przetwarzania Twoich danych opisanych powy\u017cej. Przestaniemy przetwarza\u0107 Twoje dane w tych celach, chyba \u017ce b\u0119dziemy w stanie wykaza\u0107, \u017ce w stosunku do Twoich danych istniej\u0105 dla nas wa\u017cne prawnie uzasadnione podstawy, kt\u00f3re s\u0105 nadrz\u0119dne wobec Twoich interes\u00f3w, praw i wolno\u015bci lub Twoje dane b\u0119d\u0105 nam niezb\u0119dne do ewentualnego ustalenia, dochodzenia lub obrony roszcze\u0144.<\/p>\n<p><strong>V. Okres przechowywania danych:<\/strong><\/p>\n<p>1. Dane osobowe przetwarzane na podstawie zgody b\u0119d\u0105 przechowywane do czasu jej wycofania;<\/p>\n<p>2. Dane osobowe przechowywane b\u0119d\u0105 przez okres realizacji umowy, nast\u0119pnie przez okres wskazany przez przepisy podatkowe i rachunkowe. W zwi\u0105zku z dochodzeniem roszcze\u0144 dane mog\u0105 by\u0107 przechowywane do czasu ich przedawnienia, jednak nie d\u0142u\u017cej ni\u017c przez 3 lata;<\/p>\n<p>3. Dane osobowe przetwarzane na podstawie prawnie uzasadnionego interesu administratora b\u0119d\u0105 przechowywane: a. do momentu wniesienia sprzeciwu, b. w przypadku post\u0119powania reklamacyjnego przez okres niezb\u0119dny do zamkni\u0119cia tego postepowania;<\/p>\n<p><strong> VI. Odbiorcy danych (mo\u017cliwe podmioty przetwarzaj\u0105ce dane osobowe): <\/strong><\/p>\n<p>1. Kancelaria prawna, przedstawiciele handlowi, firmy kurierskie, Poczta Polska, banki, internetowe systemy p\u0142atno\u015bci, podmioty \u015bwiadcz\u0105ce us\u0142ugi techniczne, kt\u00f3rym powierzono przetwarzanie danych (np. rozwijanie i utrzymywanie system\u00f3w informatycznych i serwis\u00f3w internetowych, podmioty realizuj\u0105ce us\u0142ugi hostingowe), podmioty upowa\u017cnione do uzyskania informacji na podstawie przepis\u00f3w prawa.<\/p>\n<p>2. Dostawcy us\u0142ug newslettera i marketingu email. W celu realizacji wysy\u0142ki newslettera korzystamy z us\u0142ug zewn\u0119trznego dostawcy \u2013 platformy Ecomail (Ecomail.cz s.r.o.). Twoje dane (adres e-mail) s\u0105 powierzane temu podmiotowi w celu technicznej obs\u0142ugi wysy\u0142ki. Informujemy, \u017ce wiadomo\u015bci marketingowe mog\u0105 by\u0107 do Ciebie wysy\u0142ane z domeny <strong>medismart.care<\/strong>. Domena ta jest powi\u0105zana z Administratorem i s\u0142u\u017cy do obs\u0142ugi komunikacji marketingowej serwisu <strong>smartmedical.online<\/strong>.<\/p>\n<p><strong>VII. Prawa os\u00f3b, kt\u00f3rych dane dotycz\u0105: Zgodnie z RODO, u\u017cytkownikowi przys\u0142uguje: <\/strong><\/p>\n<p>1. prawo dost\u0119pu do swoich danych oraz otrzymania ich kopii;<\/p>\n<p>2. prawo do sprostowania danych, je\u017celi dane przetwarzane przez Administratora s\u0105 nieprawid\u0142owe lub niekompletne;<\/p>\n<p>3. prawo do usuni\u0119cia danych;<\/p>\n<p>4. prawo do ograniczenia przetwarzania danych;<\/p>\n<p>5. prawo do wniesienia sprzeciwu wobec przetwarzania danych;<\/p>\n<p>6. prawo do przenoszenia danych, czyli prawo do otrzymania dostarczonych Administratorowi danych osobowych oraz przes\u0142ania ich innemu administratorowi;<\/p>\n<p>7. prawo do cofni\u0119cia zgody w dowolnym momencie (bez wp\u0142ywu na zgodno\u015b\u0107 z prawem przetwarzania, kt\u00f3rego dokonano na podstawie zgody przed jej cofni\u0119ciem);<\/p>\n<p>8. prawo do wniesienia skargi do organu nadzorczego;<\/p>\n<p><strong>VIII. Informacja o wymogu\/dobrowolno\u015bci podania danych:<\/strong><\/p>\n<p>1. Podanie danych ma charakter dobrowolny, ale jest konieczne do zawarcia umowy lub otrzymywania newslettera.<\/p>\n<p><strong>IX. Zautomatyzowane podejmowanie decyzji: <\/strong><\/p>\n<p>1. Nie podejmujemy decyzji zautomatyzowanych.<\/p>\n<p><strong>X. Przekazywane do pa\u0144stwa trzeciego lub organizacji mi\u0119dzynarodowej:<\/strong><\/p>\n<p>1. Dane osobowe nie b\u0119d\u0105 przekazywane do pa\u0144stwa trzeciego lub organizacji mi\u0119dzynarodowej.[\/vc_column_text][\/vc_column][\/vc_row]<\/p>\n<\/div>","protected":false},"excerpt":{"rendered":"<p>[vc_row][vc_column][vc_column_text css=&#8221;&#8221;]Zgodnie z art. 13 ust. 1\u22122 rozporz\u0105dzenia Parlamentu Europejskiego i Rady (UE) 2016\/679 z 27.04.2016 r. w sprawie ochrony os\u00f3b fizycznych w zwi\u0105zku z przetwarzaniem danych osobowych i w sprawie swobodnego przep\u0142ywu takich danych oraz uchylenia dyrektywy 95\/46\/WE (og\u00f3lne rozporz\u0105dzenie o ochronie danych) (Dz.Urz. UE L 119, s. 1) \u2013 dalej RODO \u2212 informujemy,&hellip;<\/p>\n","protected":false},"author":1,"featured_media":0,"parent":0,"menu_order":9,"comment_status":"closed","ping_status":"closed","template":"","meta":{"footnotes":""},"class_list":["post-3","page","type-page","status-publish","hentry","description-off"],"_links":{"self":[{"href":"https:\/\/smartmedical.online\/pl\/wp-json\/wp\/v2\/pages\/3","targetHints":{"allow":["GET"]}}],"collection":[{"href":"https:\/\/smartmedical.online\/pl\/wp-json\/wp\/v2\/pages"}],"about":[{"href":"https:\/\/smartmedical.online\/pl\/wp-json\/wp\/v2\/types\/page"}],"author":[{"embeddable":true,"href":"https:\/\/smartmedical.online\/pl\/wp-json\/wp\/v2\/users\/1"}],"replies":[{"embeddable":true,"href":"https:\/\/smartmedical.online\/pl\/wp-json\/wp\/v2\/comments?post=3"}],"version-history":[{"count":5,"href":"https:\/\/smartmedical.online\/pl\/wp-json\/wp\/v2\/pages\/3\/revisions"}],"predecessor-version":[{"id":798,"href":"https:\/\/smartmedical.online\/pl\/wp-json\/wp\/v2\/pages\/3\/revisions\/798"}],"wp:attachment":[{"href":"https:\/\/smartmedical.online\/pl\/wp-json\/wp\/v2\/media?parent=3"}],"curies":[{"name":"wp","href":"https:\/\/api.w.org\/{rel}","templated":true}]}}